{"id":1507,"date":"2021-01-15T20:54:34","date_gmt":"2021-01-15T20:54:34","guid":{"rendered":"https:\/\/prodeximinternational.com\/?page_id=1507"},"modified":"2021-04-19T20:52:02","modified_gmt":"2021-04-19T20:52:02","slug":"a-propos","status":"publish","type":"page","link":"https:\/\/prodeximinternational.com\/fr\/a-propos\/","title":{"rendered":"\u00c0 propos"},"content":{"rendered":"\r\n<h2>Expertise<\/h2>\r\n<ul>\r\n<li>\r\n<h3>\u00a0<\/h3>\r\n<p>Prodexim International est le seul formulateur et fabricant canadien d'additifs sp\u00e9cialis\u00e9s en broyage (fait sur mesure) pour l'industrie du ciment et des minerais.<\/p>\r\n<\/li>\r\n<li>\r\n<h3>\u00a0<\/h3>\r\n<p>Avec plus de 20 ans d'exp\u00e9rience, Prodexim est un acteur important dans le domaine des agents de mouture et la valorisation des mat\u00e9riaux cimentaires suppl\u00e9mentaires.<\/p>\r\n<\/li>\r\n<li>\r\n<h3>\u00a0<\/h3>\r\n<p>Prodexim continue de cr\u00e9er de nouvelles opportunit\u00e9s pour d\u00e9velopper des additifs chimiques sp\u00e9cialis\u00e9s pour l'industrie du ciment ainsi que les industries mini\u00e8res et du recyclage.<\/p>\r\n<\/li>\r\n<li>\r\n<h3>\u00a0<\/h3>\r\n<p>Nos activit\u00e9s couvrent l'ensemble du march\u00e9 nord-am\u00e9ricain.<\/p>\r\n<\/li>\r\n<\/ul>\r\n<p><img loading=\"lazy\" title=\"Equipes_Prodexim_Bourget-1200x630\" src=\"https:\/\/prodeximinternational.com\/wp-content\/uploads\/2021\/01\/Equipes_Prodexim_Bourget-1200x630-1.jpg\" alt=\"Equipes_Prodexim_Bourget-1200x630\" width=\"1200\" height=\"630\" \/> <img loading=\"lazy\" title=\"Career---\" src=\"https:\/\/prodeximinternational.com\/wp-content\/uploads\/2020\/12\/Career-1-1.jpg\" alt=\"Career---\" width=\"1920\" height=\"1280\" \/><\/p>\r\n<h2>Nos valeurs<\/h2>\r\n<ul>\r\n<li>\r\n<h3>\u00a0<\/h3>\r\n<p>Prodexim \u00e9tablit des relations durables avec ses clients par son approche consultative, fond\u00e9e sur la compr\u00e9hension de leurs priorit\u00e9s commerciales.<\/p>\r\n<\/li>\r\n<li>\r\n<h3>\u00a0<\/h3>\r\n<p>Nous sommes \u00e0 l'\u00e9coute et r\u00e9pondons au besoin de nos clients.<\/p>\r\n<\/li>\r\n<li>\r\n<h3>\u00a0<\/h3>\r\n<p>Nous offrons un soutien technique indispensable avec une approche professionnelle aupr\u00e8s de nos clients.<\/p>\r\n<\/li>\r\n<li>\r\n<h3>\u00a0<\/h3>\r\n<p>Nous proposons des technologies innovantes destin\u00e9es au d\u00e9veloppement des produits \u00e0 valeur ajout\u00e9e.<\/p>\r\n<\/li>\r\n<li>\r\n<h3>\u00a0<\/h3>\r\n<p>Nous assurons la consistance dans la qualit\u00e9 et la rapidit\u00e9 de livraison de nos produits et services.<\/p>\r\n<\/li>\r\n<li>\r\n<h3>\u00a0<\/h3>\r\n<p>Nous innovons dans des produits respectueux de l'environnement, efficaces et \u00e9conomiquement avantageux.<\/p>\r\n<\/li>\r\n<li>\r\n<h3>\u00a0<\/h3>\r\n<p>Nous consid\u00e9rons l'agent de mouture non pas comme une solution compensatoire (solution \"band-aid\"), mais plut\u00f4t comme un produit \u00e0 valeur ajout\u00e9e \u00e0 utiliser dans les conditions de production optimales pour lesquelles nous travaillons avec nos clients pour les obtenir.<\/p>\r\n<\/li>\r\n<\/ul>\r\n","protected":false},"excerpt":{"rendered":"<p>Expertise \u00a0 Prodexim International est le seul formulateur et fabricant canadien d'additifs sp\u00e9cialis\u00e9s en broyage (fait sur mesure) pour l'industrie du ciment et des minerais. \u00a0 Avec plus de 20 ans d'exp\u00e9rience, Prodexim est un acteur important dans le domaine des agents de mouture et la valorisation des mat\u00e9riaux cimentaires suppl\u00e9mentaires. \u00a0 Prodexim continue de &hellip;<\/p>\n<p class=\"read-more\"> <a href=\"https:\/\/prodeximinternational.com\/fr\/a-propos\/\"> <span class=\"screen-reader-text\">\u00c0 propos<\/span>Read More &raquo;<\/a><\/p>\n","protected":false},"author":3190,"featured_media":0,"parent":0,"menu_order":0,"comment_status":"closed","ping_status":"closed","template":"","meta":[],"yst_prominent_words":[],"_links":{"self":[{"href":"https:\/\/prodeximinternational.com\/fr\/wp-json\/wp\/v2\/pages\/1507"}],"collection":[{"href":"https:\/\/prodeximinternational.com\/fr\/wp-json\/wp\/v2\/pages"}],"about":[{"href":"https:\/\/prodeximinternational.com\/fr\/wp-json\/wp\/v2\/types\/page"}],"author":[{"embeddable":true,"href":"https:\/\/prodeximinternational.com\/fr\/wp-json\/wp\/v2\/users\/3190"}],"replies":[{"embeddable":true,"href":"https:\/\/prodeximinternational.com\/fr\/wp-json\/wp\/v2\/comments?post=1507"}],"version-history":[{"count":10,"href":"https:\/\/prodeximinternational.com\/fr\/wp-json\/wp\/v2\/pages\/1507\/revisions"}],"predecessor-version":[{"id":2306,"href":"https:\/\/prodeximinternational.com\/fr\/wp-json\/wp\/v2\/pages\/1507\/revisions\/2306"}],"wp:attachment":[{"href":"https:\/\/prodeximinternational.com\/fr\/wp-json\/wp\/v2\/media?parent=1507"}],"wp:term":[{"taxonomy":"yst_prominent_words","embeddable":true,"href":"https:\/\/prodeximinternational.com\/fr\/wp-json\/wp\/v2\/yst_prominent_words?post=1507"}],"curies":[{"name":"wp","href":"https:\/\/api.w.org\/{rel}","templated":true}]}}