{"id":1533,"date":"2021-01-17T20:44:33","date_gmt":"2021-01-17T20:44:33","guid":{"rendered":"https:\/\/prodeximinternational.com\/?page_id=1533"},"modified":"2021-04-19T20:58:20","modified_gmt":"2021-04-19T20:58:20","slug":"additifs-industriels","status":"publish","type":"page","link":"https:\/\/prodeximinternational.com\/fr\/additifs-industriels\/","title":{"rendered":"Additifs pour le broyage du verre"},"content":{"rendered":"\r\n<h2>Additifs pour le broyage du verre<\/h2>\r\n<h2>PDX-RG: Agents de mouture pour le verre et le verre recycl\u00e9<\/h2>\r\n<h3>DESCRIPTION<\/h3>\r\n<ul>\r\n<li>Le verre est un mat\u00e9riau de silice (SiO2) amorphe et principalement inerte chimiquement. Le verre broy\u00e9 peut \u00eatre utilis\u00e9 comme filler pour remplacer certains mat\u00e9riaux, ex. le sable dans le b\u00e9ton, le carbonate de calcium dans les plastiques et le papier, les pigments dans les peintures. Malgr\u00e9 la commercialisation du verre broy\u00e9, il existe un co\u00fbt et une consommation d'\u00e9nergie d\u00e9favorables associ\u00e9s au broyage et \u00e0 la transformation en poudres de verre. L'agent de mouture est indispensable \u00e0 la production de poudres de verre fines et ultrafines, mais son adoption par l'industrie du verre est encore peu r\u00e9pandue.<\/li>\r\n<li>Les additifs PDX-RG sont des agents de mouture de haute performance destin\u00e9s au broyage du verre en poudres de tailles vari\u00e9es ; jusqu'\u00e0 fines (&lt;100 \u00b5m) et ultrafines (&lt;10 \u00b5m).<\/li>\r\n<li>La formulation de base du PDX-RG peut \u00eatre adapt\u00e9e sur mesure pour r\u00e9pondre \u00e0 un large \u00e9ventail de besoins sp\u00e9cifiques pour les poudres de verre.<\/li>\r\n<\/ul>\r\n<p><img loading=\"lazy\" title=\"shutterstock_512085814\" src=\"https:\/\/prodeximinternational.com\/wp-content\/uploads\/2021\/01\/shutterstock_512085814-scaled.jpg\" alt=\"shutterstock_512085814\" width=\"2560\" height=\"1707\" \/> <img loading=\"lazy\" title=\"shutterstock_84841084\" src=\"https:\/\/prodeximinternational.com\/wp-content\/uploads\/2021\/01\/shutterstock_84841084-scaled.jpg\" alt=\"shutterstock_84841084\" width=\"2560\" height=\"1637\" \/><\/p>\r\n<h3>AVANTAGES<\/h3>\r\n<ul>\r\n<li>Augmente consid\u00e9rablement l'efficacit\u00e9 du processus de broyage et bonifie les propri\u00e9t\u00e9s de surface des poudres de verre.<\/li>\r\n<li>Facilite la fabrication des poudres de verre \u00e0 tailles fines et ultrafines.<\/li>\r\n<li>R\u00e9duit consid\u00e9rablement le co\u00fbt de production de la poudre de verre recycl\u00e9.<\/li>\r\n<li>Apporte une valeur ajout\u00e9e \u00e0 la poudre de verre recycl\u00e9, optimisant la qualit\u00e9 des produits finis pour diff\u00e9rentes applications.<\/li>\r\n<\/ul>\r\n<nav>\r\n<ul>\r\n<li data-index=\"0\">\r\n<h4><a>DOSAGES TYPIQUES ET M\u00c9THODE D'APPLICATION<\/a><\/h4>\r\n<\/li>\r\n<li data-index=\"1\">\r\n<h4><a>EMBALLAGE ET LIVRAISON<\/a><\/h4>\r\n<\/li>\r\n<li data-index=\"2\">\r\n<h4><a>ENTREPOSAGE<\/a><\/h4>\r\n<\/li>\r\n<li data-index=\"3\">\r\n<h4><a>ASSISTANCE TECHNIQUE<\/a><\/h4>\r\n<\/li>\r\n<li data-index=\"4\">\r\n<h4><a>PR\u00c9CAUTIONS<\/a><\/h4>\r\n<\/li>\r\n<\/ul>\r\n<\/nav>\r\n<h4>DOSAGES TYPIQUES ET M\u00c9THODE D'APPLICATION<\/h4>\r\n<p>Les additifs PDX-RG sont utilis\u00e9s \u00e0 des dosages vari\u00e9s de 0,05 \u00e0 0,1 % par poids de verre \u00e0 broyer (entre 500 et 1000 ml par tonne).<br \/>Le dosage optimal peut \u00eatre personnalis\u00e9 pour r\u00e9pondre \u00e0 un large \u00e9ventail de besoins sp\u00e9cifiques \u00e0 l'application industrielle du verre broy\u00e9.<br \/>Si vous souhaitez en savoir davantage sur ce produit, veuillez nous contacter.<\/p>\r\n<h4>EMBALLAGE ET LIVRAISON<\/h4>\r\n<p>Les additifs PDX-RG sont disponibles en cubes, camions, conteneurs ou wagons.<\/p>\r\n<h4>ENTREPOSAGE<\/h4>\r\n<p>Conserver dans des r\u00e9cipients ferm\u00e9s dans un endroit sec et bien a\u00e9r\u00e9 \u00e0 des temp\u00e9ratures comprises entre 0 et 40 degr\u00e9s Celsius. Dans des conditions normales, la dur\u00e9e de conservation des additifs PDX-RG est d'au moins 24 mois.<\/p>\r\n<h4>ASSISTANCE TECHNIQUE<\/h4>\r\n<p>Les experts techniques de Prodexim peuvent \u00eatre pr\u00e9sents pendant les essais pour assister nos clients, afin d'optimiser le dosage et le processus de broyage.<\/p>\r\n<h4>PR\u00c9CAUTIONS<\/h4>\r\n<p>Bien que les additifs PDX-RG ne soient ni hautement toxiques ni corrosifs, ils doivent \u00eatre manipul\u00e9s avec pr\u00e9caution. Veuillez nous contacter pour plus de d\u00e9tails.<\/p>\r\n<!-- \/content --><!-- \/tabs -->","protected":false},"excerpt":{"rendered":"<p>Additifs pour le broyage du verre PDX-RG: Agents de mouture pour le verre et le verre recycl\u00e9 DESCRIPTION Le verre est un mat\u00e9riau de silice (SiO2) amorphe et principalement inerte chimiquement. Le verre broy\u00e9 peut \u00eatre utilis\u00e9 comme filler pour remplacer certains mat\u00e9riaux, ex. le sable dans le b\u00e9ton, le carbonate de calcium dans les &hellip;<\/p>\n<p class=\"read-more\"> <a href=\"https:\/\/prodeximinternational.com\/fr\/additifs-industriels\/\"> <span class=\"screen-reader-text\">Additifs pour le broyage du verre<\/span>Read More &raquo;<\/a><\/p>\n","protected":false},"author":3190,"featured_media":0,"parent":0,"menu_order":0,"comment_status":"open","ping_status":"closed","template":"","meta":[],"yst_prominent_words":[],"_links":{"self":[{"href":"https:\/\/prodeximinternational.com\/fr\/wp-json\/wp\/v2\/pages\/1533"}],"collection":[{"href":"https:\/\/prodeximinternational.com\/fr\/wp-json\/wp\/v2\/pages"}],"about":[{"href":"https:\/\/prodeximinternational.com\/fr\/wp-json\/wp\/v2\/types\/page"}],"author":[{"embeddable":true,"href":"https:\/\/prodeximinternational.com\/fr\/wp-json\/wp\/v2\/users\/3190"}],"replies":[{"embeddable":true,"href":"https:\/\/prodeximinternational.com\/fr\/wp-json\/wp\/v2\/comments?post=1533"}],"version-history":[{"count":15,"href":"https:\/\/prodeximinternational.com\/fr\/wp-json\/wp\/v2\/pages\/1533\/revisions"}],"predecessor-version":[{"id":2310,"href":"https:\/\/prodeximinternational.com\/fr\/wp-json\/wp\/v2\/pages\/1533\/revisions\/2310"}],"wp:attachment":[{"href":"https:\/\/prodeximinternational.com\/fr\/wp-json\/wp\/v2\/media?parent=1533"}],"wp:term":[{"taxonomy":"yst_prominent_words","embeddable":true,"href":"https:\/\/prodeximinternational.com\/fr\/wp-json\/wp\/v2\/yst_prominent_words?post=1533"}],"curies":[{"name":"wp","href":"https:\/\/api.w.org\/{rel}","templated":true}]}}