{"id":1548,"date":"2021-01-17T20:55:41","date_gmt":"2021-01-17T20:55:41","guid":{"rendered":"https:\/\/prodeximinternational.com\/?page_id=1548"},"modified":"2021-04-19T20:58:00","modified_gmt":"2021-04-19T20:58:00","slug":"additifs-pour-le-broyage-des-minerais-et-du-verre","status":"publish","type":"page","link":"https:\/\/prodeximinternational.com\/fr\/additifs-pour-le-broyage-des-minerais-et-du-verre\/","title":{"rendered":"Additifs pour le broyage des minerais"},"content":{"rendered":"\r\n<h1>Additifs pour le broyage des minerais<\/h1>\r\n<h2>PDX-LS: Agents de mouture pour le calcaire<\/h2>\r\n<h3>DESCRIPTION<\/h3>\r\n<p>Le carbonate de calcium broy\u00e9 est largement utilis\u00e9 pour de nombreux domaines d'applications (peinture, alimentation animale, agriculture, ciment, etc.). En fonction du type d'application, la qualit\u00e9 du produit final est d\u00e9finie par trois caract\u00e9ristiques : la finesse des particules, la couleur et la puret\u00e9 chimique.<\/p>\r\n<ul>\r\n<li>Les additifs PDX-LS de haute performance sont destin\u00e9s au broyage du calcaire en poudres de tailles vari\u00e9es ; jusqu'\u00e0 fines (&lt;20 \u00b5m) et ultrafines (&lt;2 \u00b5m).<\/li>\r\n<li>La formulation de base du PDX-LS peut \u00eatre adapt\u00e9e sur mesure pour r\u00e9pondre \u00e0 un large \u00e9ventail de besoins sp\u00e9cifiques du client.<\/li>\r\n<\/ul>\r\n<p><img loading=\"lazy\" title=\"shutterstock_91370288\" src=\"https:\/\/prodeximinternational.com\/wp-content\/uploads\/2021\/01\/shutterstock_91370288-scaled.jpg\" alt=\"shutterstock_91370288\" width=\"2560\" height=\"1799\" \/> <img loading=\"lazy\" title=\"shutterstock_1766464235\" src=\"https:\/\/prodeximinternational.com\/wp-content\/uploads\/2021\/01\/shutterstock_1766464235-scaled.jpg\" alt=\"shutterstock_1766464235\" width=\"2560\" height=\"1920\" \/><\/p>\r\n<h3>AVANTAGES<\/h3>\r\n<ul>\r\n<li>Apporte une valeur ajout\u00e9e aux produits finaux pour diverses applications.<\/li>\r\n<li>Facilite l'\u00e9limination des impuret\u00e9s non d\u00e9sir\u00e9es dans le calcaire.<\/li>\r\n<li>Bonifie la productivit\u00e9 et l'efficacit\u00e9 du broyage, prolonge la vie de l'\u00e9quipement, contribuant \u00e0<br \/>des \u00e9conomies d'\u00e9nergie et \u00e0 la r\u00e9duction des \u00e9missions de gaz \u00e0 effet de serre.<\/li>\r\n<\/ul>\r\n<nav>\r\n<ul>\r\n<li data-index=\"0\">\r\n<h4><a>DOSAGES TYPIQUES ET M\u00c9THODE D'APPLICATION<\/a><\/h4>\r\n<\/li>\r\n<li data-index=\"1\">\r\n<h4><a>EMBALLAGE ET LIVRAISON<\/a><\/h4>\r\n<\/li>\r\n<li data-index=\"2\">\r\n<h4><a>ENTREPOSAGE<\/a><\/h4>\r\n<\/li>\r\n<li data-index=\"3\">\r\n<h4><a>ASSISTANCE TECHNIQUE<\/a><\/h4>\r\n<\/li>\r\n<li data-index=\"4\">\r\n<h4><a>PR\u00c9CAUTIONS<\/a><\/h4>\r\n<\/li>\r\n<\/ul>\r\n<\/nav>\r\n<h4>DOSAGES TYPIQUES ET M\u00c9THODE D'APPLICATION<\/h4>\r\n<p>Les additifs PDX-LS sont utilis\u00e9s \u00e0 des dosages vari\u00e9s de 0,05 \u00e0 0,1 % par poids de calcaire \u00e0 broyer (entre 500 et 1000 mL par tonne).<br \/>Le dosage optimal doit \u00eatre d\u00e9termin\u00e9 lors d'essais en usine selon les propri\u00e9t\u00e9s et la puret\u00e9 recherch\u00e9es des poudres de calcaire et le type d'application.<br \/>Si vous souhaitez en savoir davantage sur ce produit, veuillez nous contacter.<\/p>\r\n<h4>EMBALLAGE ET LIVRAISON<\/h4>\r\n<p>Les additifs PDX-LS sont disponibles en cubes, camions, conteneurs ou wagons.<\/p>\r\n<h4>ENTREPOSAGE<\/h4>\r\n<p>Conserver dans des r\u00e9cipients ferm\u00e9s \u00e0 des temp\u00e9ratures comprises entre 0 et 40 degr\u00e9s Celsius. Dans des conditions normales, la dur\u00e9e de conservation des additifs PDX-LS est d'au moins 24 mois.<\/p>\r\n<h4>ASSISTANCE TECHNIQUE<\/h4>\r\n<p>Les experts techniques de Prodexim peuvent \u00eatre pr\u00e9sents pendant les essais pour assister nos clients, afin d'optimiser le dosage et le processus de broyage.<\/p>\r\n<h4>PR\u00c9CAUTIONS<\/h4>\r\n<p>Bien que les additifs PDX-LS ne soient ni hautement toxiques ni corrosifs, ils doivent \u00eatre manipul\u00e9s avec pr\u00e9caution. Veuillez nous contacter pour plus de d\u00e9tails.<\/p>\r\n<!-- \/content --><!-- \/tabs -->\r\n<h2>PDX-QZ: Agents de mouture pour le quartz<\/h2>\r\n<h3>DESCRIPTION<\/h3>\r\n<p>Le quartz est un min\u00e9ral cristallin (dioxyde de silicium, SiO2) aux r\u00e9sistances thermiques et chimiques tr\u00e8s \u00e9lev\u00e9es. Il est utilis\u00e9 \u00e0 grande \u00e9chelle dans de nombreuses industries (peinture, caoutchouc, comptoirs de cuisine, m\u00e9tallurgie, etc.). La puret\u00e9 et la couleur du quartz sont g\u00e9n\u00e9ralement affect\u00e9es par la pr\u00e9sence d'impuret\u00e9s (ex. Fe2O3) dans son r\u00e9seau cristallin. Le contr\u00f4le des impuret\u00e9s doit \u00eatre optimis\u00e9 \u00e0 l'\u00e9tape du broyage et de pr\u00e9paration.<\/p>\r\n<ul>\r\n<li>Les additifs PDX-QZ de haute performance sont destin\u00e9s au broyage du quartz en poudres de tailles vari\u00e9es ; jusqu'\u00e0 fines (&lt;100 \u00b5m) et ultrafines (&lt;10 \u00b5m).<\/li>\r\n<li>La formulation de base du PDX-QZ peut \u00eatre adapt\u00e9e sur mesure pour r\u00e9pondre \u00e0 un large \u00e9ventail de besoins sp\u00e9cifiques du client.<\/li>\r\n<\/ul>\r\n<p><img src=\"https:\/\/prodeximinternational.com\/wp-content\/plugins\/bb-plugin\/img\/pixel.png\" alt=\"\" \/> <img loading=\"lazy\" title=\"ciment-----section----ciment\" src=\"https:\/\/prodeximinternational.com\/wp-content\/uploads\/2021\/01\/ciment-section-ciment-1.jpg\" alt=\"ciment-----section----ciment\" width=\"960\" height=\"400\" \/> <img loading=\"lazy\" title=\"Close-up,Of,Transparent,Quartz,Crystals,Are,Grown,On,Calcite,Crystals.\" src=\"https:\/\/prodeximinternational.com\/wp-content\/uploads\/2021\/01\/shutterstock_1409838764-scaled.jpg\" alt=\"Close-up,Of,Transparent,Quartz,Crystals,Are,Grown,On,Calcite,Crystals.\" width=\"2560\" height=\"1696\" \/><\/p>\r\n<h3>AVANTAGES<\/h3>\r\n<ul>\r\n<li>Apporte une valeur ajout\u00e9e aux produits finaux pour de diverses applications.<\/li>\r\n<li>Optimise la puret\u00e9 et la qualit\u00e9 des produits finis en facilitant l'\u00e9limination des impuret\u00e9s.<\/li>\r\n<li>Bonifie la productivit\u00e9 et l'efficacit\u00e9 du broyage, prolonge la vie de l'\u00e9quipement, contribuant aux \u00e9conomies d'\u00e9nergie et \u00e0 la r\u00e9duction des \u00e9missions de gaz \u00e0 effet de serre.<\/li>\r\n<\/ul>\r\n<nav>\r\n<ul>\r\n<li data-index=\"0\">\r\n<h4><a>DOSAGES TYPIQUES ET M\u00c9THODE D'APPLICATION<\/a><\/h4>\r\n<\/li>\r\n<li data-index=\"1\">\r\n<h4><a>EMBALLAGE ET LIVRAISON<\/a><\/h4>\r\n<\/li>\r\n<li data-index=\"2\">\r\n<h4><a>ENTREPOSAGE<\/a><\/h4>\r\n<\/li>\r\n<li data-index=\"3\">\r\n<h4><a>ASSISTANCE TECHNIQUE<\/a><\/h4>\r\n<\/li>\r\n<li data-index=\"4\">\r\n<h4><a>PR\u00c9CAUTIONS<\/a><\/h4>\r\n<\/li>\r\n<\/ul>\r\n<\/nav>\r\n<h4>DOSAGES TYPIQUES ET M\u00c9THODE D'APPLICATION<\/h4>\r\n<p>Les additifs PDX-QZ sont utilis\u00e9s \u00e0 des dosages vari\u00e9s de 0,05 \u00e0 0,1 % par poids de quartz \u00e0 broyer (entre 500 et 1000 mL par tonne).<br \/>Le dosage optimal doit \u00eatre d\u00e9termin\u00e9 lors d'essais en usine selon les propri\u00e9t\u00e9s et la puret\u00e9 recherch\u00e9es des poudres de quartz et le type d'application.<br \/>Si vous souhaitez en savoir davantage sur ce produit, veuillez nous contacter.<\/p>\r\n<h4>EMBALLAGE ET LIVRAISON<\/h4>\r\n<p>Les additifs PDX-QZ sont disponibles en cubes, camions, conteneurs ou wagons.<\/p>\r\n<h4>ENTREPOSAGE<\/h4>\r\n<p>Conserver dans des r\u00e9cipients ferm\u00e9s dans un endroit sec et bien a\u00e9r\u00e9 \u00e0 des temp\u00e9ratures comprises entre 0 et 40 degr\u00e9s Celsius. Dans des conditions normales, la dur\u00e9e de conservation des additifs PDX-QZ est d'au moins 24 mois.<\/p>\r\n<h4>ASSISTANCE TECHNIQUE<\/h4>\r\n<p>Les experts techniques de Prodexim peuvent \u00eatre pr\u00e9sents pendant les essais pour assister nos clients, afin d'optimiser le dosage et le processus de broyage.<\/p>\r\n<h4>PR\u00c9CAUTIONS<\/h4>\r\n<p>Bien que les additifs PDX-QZ ne soient ni hautement toxiques ni corrosifs, ils doivent \u00eatre manipul\u00e9s avec pr\u00e9caution. Veuillez nous contacter pour plus de d\u00e9tails.<\/p>\r\n<!-- \/content --><!-- \/tabs -->","protected":false},"excerpt":{"rendered":"<p>Additifs pour le broyage des minerais PDX-LS: Agents de mouture pour le calcaire DESCRIPTION Le carbonate de calcium broy\u00e9 est largement utilis\u00e9 pour de nombreux domaines d'applications (peinture, alimentation animale, agriculture, ciment, etc.). En fonction du type d'application, la qualit\u00e9 du produit final est d\u00e9finie par trois caract\u00e9ristiques : la finesse des particules, la couleur &hellip;<\/p>\n<p class=\"read-more\"> <a href=\"https:\/\/prodeximinternational.com\/fr\/additifs-pour-le-broyage-des-minerais-et-du-verre\/\"> <span class=\"screen-reader-text\">Additifs pour le broyage des minerais<\/span>Read More &raquo;<\/a><\/p>\n","protected":false},"author":3190,"featured_media":0,"parent":0,"menu_order":0,"comment_status":"open","ping_status":"closed","template":"","meta":[],"yst_prominent_words":[],"_links":{"self":[{"href":"https:\/\/prodeximinternational.com\/fr\/wp-json\/wp\/v2\/pages\/1548"}],"collection":[{"href":"https:\/\/prodeximinternational.com\/fr\/wp-json\/wp\/v2\/pages"}],"about":[{"href":"https:\/\/prodeximinternational.com\/fr\/wp-json\/wp\/v2\/types\/page"}],"author":[{"embeddable":true,"href":"https:\/\/prodeximinternational.com\/fr\/wp-json\/wp\/v2\/users\/3190"}],"replies":[{"embeddable":true,"href":"https:\/\/prodeximinternational.com\/fr\/wp-json\/wp\/v2\/comments?post=1548"}],"version-history":[{"count":11,"href":"https:\/\/prodeximinternational.com\/fr\/wp-json\/wp\/v2\/pages\/1548\/revisions"}],"predecessor-version":[{"id":2309,"href":"https:\/\/prodeximinternational.com\/fr\/wp-json\/wp\/v2\/pages\/1548\/revisions\/2309"}],"wp:attachment":[{"href":"https:\/\/prodeximinternational.com\/fr\/wp-json\/wp\/v2\/media?parent=1548"}],"wp:term":[{"taxonomy":"yst_prominent_words","embeddable":true,"href":"https:\/\/prodeximinternational.com\/fr\/wp-json\/wp\/v2\/yst_prominent_words?post=1548"}],"curies":[{"name":"wp","href":"https:\/\/api.w.org\/{rel}","templated":true}]}}