{"id":1586,"date":"2021-01-17T21:10:52","date_gmt":"2021-01-17T21:10:52","guid":{"rendered":"https:\/\/prodeximinternational.com\/carriere\/"},"modified":"2021-04-19T20:59:54","modified_gmt":"2021-04-19T20:59:54","slug":"carriere","status":"publish","type":"page","link":"https:\/\/prodeximinternational.com\/fr\/carriere\/","title":{"rendered":"Carri\u00e8re"},"content":{"rendered":"\r\n<h1>CARRI\u00c8RE<\/h1>\r\n<p><img loading=\"lazy\" title=\"shutterstock_635526101\" src=\"https:\/\/prodeximinternational.com\/wp-content\/uploads\/2021\/01\/shutterstock_635526101-scaled.jpg\" alt=\"shutterstock_635526101\" width=\"2560\" height=\"1707\" \/><\/p>\r\n<ul>\r\n<li>\r\n<h3>\u00a0<\/h3>\r\n<p>Joignez vos comp\u00e9tences aux n\u00f4tres pour fa\u00e7onner notre mission dans l'innovation et la cr\u00e9ation des solutions \u00e0 des d\u00e9fis complexes. Contactez-nous si vous souhaitez travailler dans un environnement stimulant et dynamique.<\/p>\r\n<\/li>\r\n<\/ul>\r\n<p><img loading=\"lazy\" title=\"carrer---section--\" src=\"https:\/\/prodeximinternational.com\/wp-content\/uploads\/2020\/12\/carrer-section-.jpg\" alt=\"carrer---section--\" width=\"1920\" height=\"1280\" \/><\/p>\r\n","protected":false},"excerpt":{"rendered":"<p>CARRI\u00c8RE \u00a0 Joignez vos comp\u00e9tences aux n\u00f4tres pour fa\u00e7onner notre mission dans l'innovation et la cr\u00e9ation des solutions \u00e0 des d\u00e9fis complexes. Contactez-nous si vous souhaitez travailler dans un environnement stimulant et dynamique.<\/p>\n","protected":false},"author":3190,"featured_media":0,"parent":0,"menu_order":0,"comment_status":"open","ping_status":"closed","template":"","meta":[],"yst_prominent_words":[],"_links":{"self":[{"href":"https:\/\/prodeximinternational.com\/fr\/wp-json\/wp\/v2\/pages\/1586"}],"collection":[{"href":"https:\/\/prodeximinternational.com\/fr\/wp-json\/wp\/v2\/pages"}],"about":[{"href":"https:\/\/prodeximinternational.com\/fr\/wp-json\/wp\/v2\/types\/page"}],"author":[{"embeddable":true,"href":"https:\/\/prodeximinternational.com\/fr\/wp-json\/wp\/v2\/users\/3190"}],"replies":[{"embeddable":true,"href":"https:\/\/prodeximinternational.com\/fr\/wp-json\/wp\/v2\/comments?post=1586"}],"version-history":[{"count":10,"href":"https:\/\/prodeximinternational.com\/fr\/wp-json\/wp\/v2\/pages\/1586\/revisions"}],"predecessor-version":[{"id":2312,"href":"https:\/\/prodeximinternational.com\/fr\/wp-json\/wp\/v2\/pages\/1586\/revisions\/2312"}],"wp:attachment":[{"href":"https:\/\/prodeximinternational.com\/fr\/wp-json\/wp\/v2\/media?parent=1586"}],"wp:term":[{"taxonomy":"yst_prominent_words","embeddable":true,"href":"https:\/\/prodeximinternational.com\/fr\/wp-json\/wp\/v2\/yst_prominent_words?post=1586"}],"curies":[{"name":"wp","href":"https:\/\/api.w.org\/{rel}","templated":true}]}}