{"id":1655,"date":"2021-01-18T18:31:11","date_gmt":"2021-01-18T18:31:11","guid":{"rendered":"https:\/\/prodeximinternational.com\/?page_id=1655"},"modified":"2021-04-19T21:03:00","modified_gmt":"2021-04-19T21:03:00","slug":"services-techniques","status":"publish","type":"page","link":"https:\/\/prodeximinternational.com\/fr\/services-techniques\/","title":{"rendered":"Services techniques"},"content":{"rendered":"\r\n<h1>SERVICES TECHNIQUES<\/h1>\r\n<h2>MICROSCOPIE DU CLINKER<\/h2>\r\n<p>L'agent de mouture (AM) est un important ingr\u00e9dient dans la production de ciment, car il am\u00e9liore le rendement des broyeurs, r\u00e9duit la consommation d'\u00e9nergie \u00e9lectrique, am\u00e9liore les performances des ciments. L'AM est \u00e9galement tr\u00e8s b\u00e9n\u00e9fique pour la pr\u00e9paration et l'optimisation de la finesse du cru, comme att\u00e9nuer les probl\u00e8mes d'homog\u00e9n\u00e9isation dans les clinkers r\u00e9sultants et am\u00e9liorer l'aptitude \u00e0 la cuisson des clinkers.<\/p>\r\n<p>Un clinker de mauvaise qualit\u00e9 peut consommer jusqu'\u00e0 80% plus d'\u00e9nergie (+ 10-15 kwh \/ tonne), cependant le simple ajout d'AM dans le processus ne suffit pas pour corriger enti\u00e8rement la situation.<\/p>\r\n<p>L'AM n'est pas une simple solution pansement pour corriger l'effet des clinkers de mauvaise qualit\u00e9 ni un produit miracle pouvant compenser pour des conditions probl\u00e9matiques de production. Il s'agit plut\u00f4t d'un produit \u00e0 valeur ajout\u00e9e \u00e0 utiliser en tandem avec des conditions optimales de production.<\/p>\r\n<p>Le contr\u00f4le de la qualit\u00e9 du clinker par microscopie ensemble avec DRX, et chimie est donc une priorit\u00e9 afin d'optimiser son processus de fabrication et de tirer pleinement avantage de l'AM. L'\u00e9valuation des caract\u00e9ristiques d'un clinker fournit des informations pr\u00e9cieuses et pr\u00e9cises sur les diff\u00e9rentes \u00e9tapes de sa fabrication :<\/p>\r\n<ul>\r\n<li>pr\u00e9paration du cru<\/li>\r\n<li>composition et stabilit\u00e9<\/li>\r\n<li>conditions op\u00e9rationnelles du four<\/li>\r\n<li>risque de formation d'anneaux<\/li>\r\n<li>granulation du clinker<\/li>\r\n<\/ul>\r\n<p>Cela fournit \u00e9galement des informations suppl\u00e9mentaires sur d'autres aspects importants comme le d\u00e9veloppement de la r\u00e9sistance \u00e0 jeune \u00e2ge et \u00e0 long terme, le temps de prise et la fluidit\u00e9 des b\u00e9tons, qui sont tr\u00e8s souvent des aspects n\u00e9glig\u00e9s ou m\u00eame inconnus.<\/p>\r\n<p>La microscopie du clinker, avec notre expertise, est un outil puissant qui identifie la composition et la distribution et la microtexture des phases d'un clinker. Il permet d'\u00e9valuer la qualit\u00e9 de la pr\u00e9paration des mati\u00e8res premi\u00e8res, de surveiller les conditions de four (impact de la flamme, temps de s\u00e9jour, pr\u00e9-refroidissement et conditions de refroidissement), menant ainsi \u00e0 la production de clinker de plus haute qualit\u00e9, tout en g\u00e9n\u00e9rant d'importantes \u00e9conomies.<br \/>Voici un exemple de deux clinkers de qualit\u00e9s diff\u00e9rentes \u00e9valu\u00e9es par analyse microscopique : <img loading=\"lazy\" title=\"image2\" src=\"https:\/\/prodeximinternational.com\/wp-content\/uploads\/2021\/03\/image2.png\" alt=\"image2\" width=\"1251\" height=\"799\" \/> <b>Clinker de mauvaise qualit\u00e9:<\/b><br \/><b>- Gros cristaux Alite (A) li\u00e9s \u00e0 un long temps de s\u00e9jour, \u00e9tant beaucoup moins r\u00e9actifs et difficiles \u00e0 broyer.<\/b><br \/><b>- R\u00e9sulte en une consommation thermique et \u00e9lectrique plus \u00e9lev\u00e9e.<\/b> <img loading=\"lazy\" title=\"microscope---\" src=\"https:\/\/prodeximinternational.com\/wp-content\/uploads\/2020\/12\/microscope-.jpg\" alt=\"microscope---\" width=\"1100\" height=\"1300\" \/> <img loading=\"lazy\" title=\"Technical service-microscopie-clinker (image droit)\" src=\"https:\/\/prodeximinternational.com\/wp-content\/uploads\/2021\/03\/Technical-service-microscopie-clinker-image-droit.png\" alt=\"Technical service-microscopie-clinker (image droit)\" width=\"901\" height=\"593\" \/> <b>Clinker de bonne qualit\u00e9 :<\/b><br \/><b>- Petits cristaux d'Alite (A) li\u00e9s \u00e0 un temps de s\u00e9jour court, \u00e9tant beaucoup plus r\u00e9actifs et faciles \u00e0 broyer.<\/b><br \/><b>- Permet des \u00e9conomies d'\u00e9nergie thermique et \u00e9lectrique et une meilleure int\u00e9gration des MCS.<\/b><\/p>\r\n<p>Prodexim International offre une assistance technique pour les op\u00e9rations de l'usine dans le but d'am\u00e9liorer et optimiser la qualit\u00e9 du clinker. Nous privil\u00e9gions l'innovation, l'accompagnement client par des partenariats efficaces et nous essayons d'apporter une valeur ajout\u00e9e \u00e9lev\u00e9e \u00e0 nos services. Notre expertise pour l'optimisation des processus peut r\u00e9duire la consommation d'\u00e9nergie et des co\u00fbts de production, tout en produisant du clinker de haute qualit\u00e9, et permettant une meilleure int\u00e9gration des mat\u00e9riaux cimentaires suppl\u00e9mentaires (MCS).<\/p>\r\n<h2>Analyse microscopique (minerais, r\u00e9sidus miniers et industriels)<\/h2>\r\n<ul>\r\n<li>\r\n<h3>\u00a0<\/h3>\r\n<p>Service sur demande. Veuillez nous contacter pour plus de d\u00e9tails.<\/p>\r\n<\/li>\r\n<\/ul>\r\n<p><img loading=\"lazy\" title=\"shutterstock_1872571369\" src=\"https:\/\/prodeximinternational.com\/wp-content\/uploads\/2021\/01\/shutterstock_1872571369.jpg\" alt=\"shutterstock_1872571369\" width=\"2560\" height=\"1920\" \/><\/p>\r\n","protected":false},"excerpt":{"rendered":"<p>SERVICES TECHNIQUES MICROSCOPIE DU CLINKER L'agent de mouture (AM) est un important ingr\u00e9dient dans la production de ciment, car il am\u00e9liore le rendement des broyeurs, r\u00e9duit la consommation d'\u00e9nergie \u00e9lectrique, am\u00e9liore les performances des ciments. L'AM est \u00e9galement tr\u00e8s b\u00e9n\u00e9fique pour la pr\u00e9paration et l'optimisation de la finesse du cru, comme att\u00e9nuer les probl\u00e8mes d'homog\u00e9n\u00e9isation &hellip;<\/p>\n<p class=\"read-more\"> <a href=\"https:\/\/prodeximinternational.com\/fr\/services-techniques\/\"> <span class=\"screen-reader-text\">Services techniques<\/span>Read More &raquo;<\/a><\/p>\n","protected":false},"author":3190,"featured_media":0,"parent":0,"menu_order":0,"comment_status":"closed","ping_status":"closed","template":"","meta":[],"yst_prominent_words":[],"_links":{"self":[{"href":"https:\/\/prodeximinternational.com\/fr\/wp-json\/wp\/v2\/pages\/1655"}],"collection":[{"href":"https:\/\/prodeximinternational.com\/fr\/wp-json\/wp\/v2\/pages"}],"about":[{"href":"https:\/\/prodeximinternational.com\/fr\/wp-json\/wp\/v2\/types\/page"}],"author":[{"embeddable":true,"href":"https:\/\/prodeximinternational.com\/fr\/wp-json\/wp\/v2\/users\/3190"}],"replies":[{"embeddable":true,"href":"https:\/\/prodeximinternational.com\/fr\/wp-json\/wp\/v2\/comments?post=1655"}],"version-history":[{"count":21,"href":"https:\/\/prodeximinternational.com\/fr\/wp-json\/wp\/v2\/pages\/1655\/revisions"}],"predecessor-version":[{"id":2316,"href":"https:\/\/prodeximinternational.com\/fr\/wp-json\/wp\/v2\/pages\/1655\/revisions\/2316"}],"wp:attachment":[{"href":"https:\/\/prodeximinternational.com\/fr\/wp-json\/wp\/v2\/media?parent=1655"}],"wp:term":[{"taxonomy":"yst_prominent_words","embeddable":true,"href":"https:\/\/prodeximinternational.com\/fr\/wp-json\/wp\/v2\/yst_prominent_words?post=1655"}],"curies":[{"name":"wp","href":"https:\/\/api.w.org\/{rel}","templated":true}]}}