{"id":1950,"date":"2021-02-12T14:58:22","date_gmt":"2021-02-12T14:58:22","guid":{"rendered":"https:\/\/prodeximinternational.com\/?page_id=1950"},"modified":"2021-04-19T20:53:13","modified_gmt":"2021-04-19T20:53:13","slug":"accueil","status":"publish","type":"page","link":"https:\/\/prodeximinternational.com\/fr\/","title":{"rendered":"Accueil"},"content":{"rendered":"\r\n<p><a role=\"button\" href=\"\/fr\/additifs-pour-ciment-et-beton\/\" target=\"_self\" rel=\"noopener\" aria-label=\"PRODUCTEUR\"> PRODUCTEUR <\/a> <a role=\"button\" href=\"\/fr\/notre-perspective\/\" target=\"_self\" rel=\"noopener\" aria-label=\"D\u00c9VELOPPEUR\"> D\u00c9VELOPPEUR <\/a> <a role=\"button\" href=\"\/fr\/innovations\/\" target=\"_self\" rel=\"noopener\" aria-label=\"INNOVATEUR\"> INNOVATEUR <\/a><\/p>\r\n<h2>DOMAINES D'EXPERTISE<\/h2>\r\n<h2>Ciment \/ B\u00e9ton<\/h2>\r\n<!-- END .front -->\r\n<h2>Ciment \/ B\u00e9ton<\/h2>\r\n<!-- END .back --><!-- ifb-flip-box --><!-- flip-box -->\r\n<h2>Minerais<\/h2>\r\n<!-- END .front -->\r\n<h2>Minerais<\/h2>\r\n<!-- END .back --><!-- ifb-flip-box --><!-- flip-box -->\r\n<h2>Recyclage<\/h2>\r\n<!-- END .front -->\r\n<h2>Recyclage<\/h2>\r\n<!-- END .back --><!-- ifb-flip-box --><!-- flip-box -->\r\n<h2>Traitement des min\u00e9raux \/ <br \/>r\u00e9sidus industriels<\/h2>\r\n<!-- END .front -->\r\n<h2>Traitement des min\u00e9raux \/ <br \/>r\u00e9sidus industriels<\/h2>\r\n<!-- END .back --><!-- ifb-flip-box --><!-- flip-box -->\r\n<h2>\u00c0 PROPOS DE NOUS<\/h2>\r\n<p><img title=\"shutterstock_1177066312\" src=\"https:\/\/prodeximinternational.com\/wp-content\/uploads\/bb-plugin\/cache\/shutterstock_1177066312-circle.png\" alt=\"shutterstock_1177066312\" \/><\/p>\r\n<h3>PRODUCTEUR<\/h3>\r\n<p>des additifs chimiques de broyage et autres produits sp\u00e9cialis\u00e9s<\/p>\r\n<p><img title=\"shutterstock_200812466\" src=\"https:\/\/prodeximinternational.com\/wp-content\/uploads\/bb-plugin\/cache\/shutterstock_200812466-circle.png\" alt=\"shutterstock_200812466\" \/><\/p>\r\n<h3>D\u00c9VELOPPEUR<\/h3>\r\n<p>des formulations sp\u00e9cialis\u00e9es faites sur mesure<\/p>\r\n<p><img title=\"shutterstock_1773309899\" src=\"https:\/\/prodeximinternational.com\/wp-content\/uploads\/bb-plugin\/cache\/shutterstock_1773309899-circle.png\" alt=\"shutterstock_1773309899\" \/><\/p>\r\n<h3>INNOVATEUR<\/h3>\r\n<p>\u00a0des produits de qualit\u00e9 et de valeur \u00e9cologique<\/p>\r\n<p><img loading=\"lazy\" title=\"shutterstock_1196289760\" src=\"https:\/\/prodeximinternational.com\/wp-content\/uploads\/2021\/01\/shutterstock_1196289760-scaled.jpg\" alt=\"shutterstock_1196289760\" width=\"2560\" height=\"1707\" \/><\/p>\r\n","protected":false},"excerpt":{"rendered":"<p>PRODUCTEUR D\u00c9VELOPPEUR INNOVATEUR DOMAINES D'EXPERTISE Ciment \/ B\u00e9ton Ciment \/ B\u00e9ton Minerais Minerais Recyclage Recyclage Traitement des min\u00e9raux \/ r\u00e9sidus industriels Traitement des min\u00e9raux \/ r\u00e9sidus industriels \u00c0 PROPOS DE NOUS PRODUCTEUR des additifs chimiques de broyage et autres produits sp\u00e9cialis\u00e9s D\u00c9VELOPPEUR des formulations sp\u00e9cialis\u00e9es faites sur mesure INNOVATEUR \u00a0des produits de qualit\u00e9 et de &hellip;<\/p>\n<p class=\"read-more\"> <a href=\"https:\/\/prodeximinternational.com\/fr\/\"> <span class=\"screen-reader-text\">Accueil<\/span>Read More &raquo;<\/a><\/p>\n","protected":false},"author":3190,"featured_media":0,"parent":0,"menu_order":0,"comment_status":"closed","ping_status":"closed","template":"","meta":[],"yst_prominent_words":[],"_links":{"self":[{"href":"https:\/\/prodeximinternational.com\/fr\/wp-json\/wp\/v2\/pages\/1950"}],"collection":[{"href":"https:\/\/prodeximinternational.com\/fr\/wp-json\/wp\/v2\/pages"}],"about":[{"href":"https:\/\/prodeximinternational.com\/fr\/wp-json\/wp\/v2\/types\/page"}],"author":[{"embeddable":true,"href":"https:\/\/prodeximinternational.com\/fr\/wp-json\/wp\/v2\/users\/3190"}],"replies":[{"embeddable":true,"href":"https:\/\/prodeximinternational.com\/fr\/wp-json\/wp\/v2\/comments?post=1950"}],"version-history":[{"count":11,"href":"https:\/\/prodeximinternational.com\/fr\/wp-json\/wp\/v2\/pages\/1950\/revisions"}],"predecessor-version":[{"id":2307,"href":"https:\/\/prodeximinternational.com\/fr\/wp-json\/wp\/v2\/pages\/1950\/revisions\/2307"}],"wp:attachment":[{"href":"https:\/\/prodeximinternational.com\/fr\/wp-json\/wp\/v2\/media?parent=1950"}],"wp:term":[{"taxonomy":"yst_prominent_words","embeddable":true,"href":"https:\/\/prodeximinternational.com\/fr\/wp-json\/wp\/v2\/yst_prominent_words?post=1950"}],"curies":[{"name":"wp","href":"https:\/\/api.w.org\/{rel}","templated":true}]}}