{"id":1997,"date":"2021-02-12T18:54:35","date_gmt":"2021-02-12T18:54:35","guid":{"rendered":"https:\/\/prodeximinternational.com\/?page_id=1997"},"modified":"2021-04-19T21:01:29","modified_gmt":"2021-04-19T21:01:29","slug":"contactez-nous","status":"publish","type":"page","link":"https:\/\/prodeximinternational.com\/fr\/contactez-nous\/","title":{"rendered":"Contactez-nous"},"content":{"rendered":"\r\n<h1>CONTACTEZ-NOUS<\/h1>\r\n<p>Nous sommes fiers de servir sinc\u00e8rement nos clients en Anglais, Fran\u00e7ais, Espagnol, Chinois et Arabe.<\/p>\r\n<form id=\"gform_1\" action=\"\/fr\/?page_id=1997&amp;fl_builder#gf_1\" enctype=\"multipart\/form-data\" method=\"post\" target=\"gform_ajax_frame_1\">\r\n<ul id=\"gform_fields_1\" class=\"gform_fields top_label form_sublabel_below description_below\">\r\n<li id=\"field_1_10\" class=\"gfield gfield_contains_required field_sublabel_below field_description_below gfield_visibility_visible\"><label class=\"gfield_label\" for=\"input_1_10\">Nom*<\/label><input id=\"input_1_10\" class=\"large\" tabindex=\"100\" name=\"input_10\" type=\"text\" value=\"\" placeholder=\"Nom\" aria-required=\"true\" aria-invalid=\"false\" \/><\/li>\r\n<li id=\"field_1_11\" class=\"gfield gfield_contains_required field_sublabel_below field_description_below gfield_visibility_visible\"><label class=\"gfield_label\" for=\"input_1_11\">Nom de la compagnie*<\/label> <input id=\"input_1_11\" class=\"large\" tabindex=\"101\" name=\"input_11\" type=\"text\" value=\"\" placeholder=\"Nom de la compagnie\" aria-required=\"true\" aria-invalid=\"false\" \/><\/li>\r\n<li id=\"field_1_12\" class=\"gfield gfield_contains_required field_sublabel_below field_description_below gfield_visibility_visible\"><label class=\"gfield_label\" for=\"input_1_12\">Poste*<\/label> <input id=\"input_1_12\" class=\"large\" tabindex=\"102\" name=\"input_12\" type=\"text\" value=\"\" placeholder=\"Poste\" aria-required=\"true\" aria-invalid=\"false\" \/><\/li>\r\n<li id=\"field_1_4\" class=\"gfield gfield_contains_required field_sublabel_below field_description_below gfield_visibility_visible\"><label class=\"gfield_label\" for=\"input_1_4\">Num\u00e9ro de t\u00e9l\u00e9phone*<\/label><input id=\"input_1_4\" class=\"large\" tabindex=\"103\" name=\"input_4\" type=\"text\" value=\"\" placeholder=\"Num\u00e9ro de t\u00e9l\u00e9phone\" aria-required=\"true\" aria-invalid=\"false\" \/><\/li>\r\n<li id=\"field_1_5\" class=\"gfield gfield_contains_required field_sublabel_below field_description_below gfield_visibility_visible\"><label class=\"gfield_label\" for=\"input_1_5\">Adresse courriel*<\/label> <input id=\"input_1_5\" class=\"large\" tabindex=\"104\" name=\"input_5\" type=\"text\" value=\"\" placeholder=\"Adresse courriel\" aria-required=\"true\" aria-invalid=\"false\" \/><\/li>\r\n<li id=\"field_1_6\" class=\"gfield gfield_contains_required field_sublabel_below field_description_below gfield_visibility_visible\"><label class=\"gfield_label\" for=\"input_1_6\">Sujet*<\/label><input id=\"input_1_6\" class=\"large\" tabindex=\"105\" name=\"input_6\" type=\"text\" value=\"\" placeholder=\"Sujet\" aria-required=\"true\" aria-invalid=\"false\" \/><\/li>\r\n<li id=\"field_1_7\" class=\"gfield field_sublabel_below field_description_below gfield_visibility_visible\"><label class=\"gfield_label\" for=\"input_1_7\">Message<\/label><textarea id=\"input_1_7\" class=\"textarea medium\" tabindex=\"106\" cols=\"50\" name=\"input_7\" rows=\"10\" aria-describedby=\"gfield_description_1_7\" aria-invalid=\"false\"><\/textarea>Message<\/li>\r\n<li id=\"field_1_9\" class=\"gfield field_sublabel_below field_description_below gfield_visibility_visible\"><label class=\"gfield_label\" for=\"input_1_9\">CAPTCHA<\/label><\/li>\r\n<\/ul>\r\n<input id=\"gform_submit_button_1\" class=\"gform_button button\" tabindex=\"108\" type=\"submit\" value=\"Envoyer\" \/> <input name=\"gform_ajax\" type=\"hidden\" value=\"form_id=1&amp;title=&amp;description=1&amp;tabindex=100\" \/> <input class=\"gform_hidden\" name=\"is_submit_1\" type=\"hidden\" value=\"1\" \/> <input class=\"gform_hidden\" name=\"gform_submit\" type=\"hidden\" value=\"1\" \/> <input class=\"gform_hidden\" name=\"gform_unique_id\" type=\"hidden\" value=\"\" \/> <input class=\"gform_hidden\" name=\"state_1\" type=\"hidden\" value=\"WyJbXSIsIjlmMThlNjk3MjdmNDQ3YTRjZTMzZjM4OWI3ZmM3MzA4Il0=\" \/> <input id=\"gform_target_page_number_1\" class=\"gform_hidden\" name=\"gform_target_page_number_1\" type=\"hidden\" value=\"0\" \/> <input id=\"gform_source_page_number_1\" class=\"gform_hidden\" name=\"gform_source_page_number_1\" type=\"hidden\" value=\"1\" \/> <input name=\"gform_field_values\" type=\"hidden\" value=\"\" \/><\/form>\r\n<p><iframe id=\"gform_ajax_frame_1\" style=\"display: none; width: 0px; height: 0px;\" src=\"about:blank\" name=\"gform_ajax_frame_1\">Cette iframe contient la logique n\u00e9cessaire pour manipuler Gravity Forms avec Ajax.<\/iframe><\/p>\r\n","protected":false},"excerpt":{"rendered":"<p>CONTACTEZ-NOUS Nous sommes fiers de servir sinc\u00e8rement nos clients en Anglais, Fran\u00e7ais, Espagnol, Chinois et Arabe. Nom* Nom de la compagnie* Poste* Num\u00e9ro de t\u00e9l\u00e9phone* Adresse courriel* Sujet* MessageMessage CAPTCHA Cette iframe contient la logique n\u00e9cessaire pour manipuler Gravity Forms avec Ajax.<\/p>\n","protected":false},"author":3190,"featured_media":0,"parent":0,"menu_order":0,"comment_status":"closed","ping_status":"closed","template":"","meta":[],"yst_prominent_words":[],"_links":{"self":[{"href":"https:\/\/prodeximinternational.com\/fr\/wp-json\/wp\/v2\/pages\/1997"}],"collection":[{"href":"https:\/\/prodeximinternational.com\/fr\/wp-json\/wp\/v2\/pages"}],"about":[{"href":"https:\/\/prodeximinternational.com\/fr\/wp-json\/wp\/v2\/types\/page"}],"author":[{"embeddable":true,"href":"https:\/\/prodeximinternational.com\/fr\/wp-json\/wp\/v2\/users\/3190"}],"replies":[{"embeddable":true,"href":"https:\/\/prodeximinternational.com\/fr\/wp-json\/wp\/v2\/comments?post=1997"}],"version-history":[{"count":4,"href":"https:\/\/prodeximinternational.com\/fr\/wp-json\/wp\/v2\/pages\/1997\/revisions"}],"predecessor-version":[{"id":2313,"href":"https:\/\/prodeximinternational.com\/fr\/wp-json\/wp\/v2\/pages\/1997\/revisions\/2313"}],"wp:attachment":[{"href":"https:\/\/prodeximinternational.com\/fr\/wp-json\/wp\/v2\/media?parent=1997"}],"wp:term":[{"taxonomy":"yst_prominent_words","embeddable":true,"href":"https:\/\/prodeximinternational.com\/fr\/wp-json\/wp\/v2\/yst_prominent_words?post=1997"}],"curies":[{"name":"wp","href":"https:\/\/api.w.org\/{rel}","templated":true}]}}