{"id":2057,"date":"2021-03-03T17:15:32","date_gmt":"2021-03-03T17:15:32","guid":{"rendered":"https:\/\/prodeximinternational.com\/?page_id=2057"},"modified":"2021-04-19T21:02:01","modified_gmt":"2021-04-19T21:02:01","slug":"innovations","status":"publish","type":"page","link":"https:\/\/prodeximinternational.com\/fr\/innovations\/","title":{"rendered":"Innovations"},"content":{"rendered":"\r\n<h2>Profil R&amp;D<\/h2>\r\n<ul>\r\n<li>\r\n<h3>\u00a0<\/h3>\r\n<p>Prodexim est le seul d\u00e9veloppeur canadien d'agents de mouture et un partenaire-cl\u00e9 de nombreuses entreprises de ciment en Am\u00e9rique du Nord.<\/p>\r\n<\/li>\r\n<li>\r\n<h3>\u00a0<\/h3>\r\n<p>Prodexim s'implique \u00e9galement \u00e0 la r\u00e9solution des d\u00e9fis du recyclage et \u00e0 l'innovation dans l'industrie mini\u00e8re.<\/p>\r\n<\/li>\r\n<li>\r\n<h3>\u00a0<\/h3>\r\n<p>Prodexim a b\u00e2ti un r\u00e9seau de collaborateurs experts et un solide partenariat industrie-universit\u00e9.<\/p>\r\n<\/li>\r\n<li>\r\n<h3>\u00a0<\/h3>\r\n<p>Nos projets R&amp;D ont pour objectif l'innovation continue des performances de nos produits afin de r\u00e9pondre aux besoins sp\u00e9cifiques de nos clients.<\/p>\r\n<\/li>\r\n<li>\r\n<h3>\u00a0<\/h3>\r\n<p>Prodexim, en tant que partenaire strat\u00e9gique fiable, vise \u00e0 trouver des solutions innovantes et \u00e0 les transf\u00e9rer \u00e0 nos clients industriels.<\/p>\r\n<\/li>\r\n<\/ul>\r\n<p><img loading=\"lazy\" title=\"section---section-innovation\" src=\"https:\/\/prodeximinternational.com\/wp-content\/uploads\/2020\/12\/section-section-innovation.jpg\" alt=\"section---section-innovation\" width=\"1920\" height=\"1280\" \/> <img loading=\"lazy\" title=\"shutterstock_1050929915\" src=\"https:\/\/prodeximinternational.com\/wp-content\/uploads\/2021\/01\/shutterstock_1050929915.jpg\" alt=\"shutterstock_1050929915\" width=\"6000\" height=\"3894\" \/><\/p>\r\n<h2>Traitement du verre recycl\u00e9<\/h2>\r\n<ul>\r\n<li>\r\n<h3>\u00a0<\/h3>\r\n<p>Prodexim, en tant que fi\u00e8re partenaire de la Chaire de recherche SAQ \/ Universit\u00e9 de Sherbrooke, d\u00e9veloppe des agents de mouture innovants et performants visant \u00e0 augmenter l'efficacit\u00e9 \u00e9nerg\u00e9tique du broyage et la production de poudre de verre \u00e0 haute valeur ajout\u00e9e.<\/p>\r\n<\/li>\r\n<li>\r\n<h3>\u00a0<\/h3>\r\n<p>L'utilisation industrielle du verre broy\u00e9 est cependant limit\u00e9e par son co\u00fbt \u00e9nerg\u00e9tique de production \u00e9lev\u00e9 (industrie du ciment) ainsi que par ses propri\u00e9t\u00e9s intrins\u00e8ques qui le rend incompatible avec de nombreux produits industriels (caoutchouc, peinture, etc.). Les traitements n\u00e9cessaires pour le rendre compatible sont in\u00e9vitables et complexes.<\/p>\r\n<\/li>\r\n<li>\r\n<h3>\u00a0<\/h3>\r\n<p>Prodexim vise \u00e0 r\u00e9soudre ces probl\u00e8mes et \u00e0 investir pour trouver des solutions innovantes qui sont \u00e0 la fois \u00e9conomiques, simples et \u00e9cologiques.<\/p>\r\n<\/li>\r\n<\/ul>\r\n","protected":false},"excerpt":{"rendered":"<p>Profil R&amp;D \u00a0 Prodexim est le seul d\u00e9veloppeur canadien d'agents de mouture et un partenaire-cl\u00e9 de nombreuses entreprises de ciment en Am\u00e9rique du Nord. \u00a0 Prodexim s'implique \u00e9galement \u00e0 la r\u00e9solution des d\u00e9fis du recyclage et \u00e0 l'innovation dans l'industrie mini\u00e8re. \u00a0 Prodexim a b\u00e2ti un r\u00e9seau de collaborateurs experts et un solide partenariat industrie-universit\u00e9. &hellip;<\/p>\n<p class=\"read-more\"> <a href=\"https:\/\/prodeximinternational.com\/fr\/innovations\/\"> <span class=\"screen-reader-text\">Innovations<\/span>Read More &raquo;<\/a><\/p>\n","protected":false},"author":3190,"featured_media":0,"parent":0,"menu_order":0,"comment_status":"closed","ping_status":"closed","template":"","meta":[],"yst_prominent_words":[],"_links":{"self":[{"href":"https:\/\/prodeximinternational.com\/fr\/wp-json\/wp\/v2\/pages\/2057"}],"collection":[{"href":"https:\/\/prodeximinternational.com\/fr\/wp-json\/wp\/v2\/pages"}],"about":[{"href":"https:\/\/prodeximinternational.com\/fr\/wp-json\/wp\/v2\/types\/page"}],"author":[{"embeddable":true,"href":"https:\/\/prodeximinternational.com\/fr\/wp-json\/wp\/v2\/users\/3190"}],"replies":[{"embeddable":true,"href":"https:\/\/prodeximinternational.com\/fr\/wp-json\/wp\/v2\/comments?post=2057"}],"version-history":[{"count":8,"href":"https:\/\/prodeximinternational.com\/fr\/wp-json\/wp\/v2\/pages\/2057\/revisions"}],"predecessor-version":[{"id":2314,"href":"https:\/\/prodeximinternational.com\/fr\/wp-json\/wp\/v2\/pages\/2057\/revisions\/2314"}],"wp:attachment":[{"href":"https:\/\/prodeximinternational.com\/fr\/wp-json\/wp\/v2\/media?parent=2057"}],"wp:term":[{"taxonomy":"yst_prominent_words","embeddable":true,"href":"https:\/\/prodeximinternational.com\/fr\/wp-json\/wp\/v2\/yst_prominent_words?post=2057"}],"curies":[{"name":"wp","href":"https:\/\/api.w.org\/{rel}","templated":true}]}}